{"id":1021,"date":"2024-11-07T18:10:53","date_gmt":"2024-11-07T22:10:53","guid":{"rendered":"https:\/\/tecram.cl\/wp\/?post_type=product&#038;p=1021"},"modified":"2025-06-16T18:20:52","modified_gmt":"2025-06-16T22:20:52","slug":"qxm-angular-880","status":"publish","type":"product","link":"https:\/\/tecram.cl\/wp\/product\/qxm-angular-880\/","title":{"rendered":"Multiplicador Angular Torque Controlado Inalambrico Ingersoll Rand 880Nm\/650Ft-lb"},"content":{"rendered":"<div class=\"column\">\n<div class=\"richText section\">\n<p><strong>Multiplicador Torque Controlado Inalambrico QXM Ingersoll Rand 880Nm\/650Ft-lb<\/strong><\/p>\n<\/div>\n<\/div>\n<ul>\n<li>Rango de apriete: 180 a 880Nm o 130 a 650Ft-lb<\/li>\n<li>Velocidad: 23RPM<\/li>\n<li>Peso: 4.6 Kg<\/li>\n<li>Largo: 264mm<\/li>\n<li>Encastre: 3\/4 pulgada<\/li>\n<\/ul>\n<p><strong>Caracteristicas<\/strong><\/p>\n<div class=\"column\">\n<div class=\"richText section\">\n<ul>\n<li><strong>Transductor de circuito cerrado<\/strong> que proporciona una precisi\u00f3n del torque de \u00b15%.<\/li>\n<li>Retroalimentaci\u00f3n cuantitativa mejorada que muestra el <strong>resultado real<\/strong> medido del \u00e1ngulo o del torque.<\/li>\n<li><strong>Caja de engranajes integrada<\/strong> que brinda una calidad y una precisi\u00f3n premium.<\/li>\n<li><strong>Motor sin escobillas <\/strong>que ofrece la m\u00e1xima durabilidad.<\/li>\n<li>Retroalimentaci\u00f3n cualitativa intuitiva mediante <strong>indicadores de color<\/strong> verde, rojo y amarillo.<\/li>\n<li><strong>Empu\u00f1adura ajustable de 360\u00b0<\/strong>, con puerto roscado de 6 mm para ganchos y otros puntos de anclaje, que proporciona comodidad, flexibilidad y opciones de seguridad para el operador.<\/li>\n<li><strong>Brazos de reacci\u00f3n est\u00e1ndar o personalizados <\/strong>disponibles para adaptarse a las necesidades de su aplicaci\u00f3n.<\/li>\n<li><strong>Comunicaci\u00f3n inal\u00e1mbrica opcional<\/strong> para el control de procesos con E\/S y recopilaci\u00f3n de datos (conexi\u00f3n USB de serie)<\/li>\n<li>1.200 ciclos de almacenamiento de datos de apriete integrado.<\/li>\n<li>M\u00e9todos de programaci\u00f3n m\u00faltiples:\n<ol>\n<li>Con bluetooth desde un celular o tablet usando la <a href=\"https:\/\/play.google.com\/store\/apps\/details?id=com.ir.insightconnect&amp;hl=en_IN&amp;gl=US\"><strong>aplicaci\u00f3n Insight Connect para Android.<\/strong><\/a><\/li>\n<li>De manera inal\u00e1mbrica mediante el controlador INSIGHTqcx.<\/li>\n<li>\u00a0Mediante USB con el controlador INSIGHTqcx, la aplicaci\u00f3n INSIGHT Connect para Android y el software de ICS.<\/li>\n<li>A trav\u00e9s de la pantalla o el teclado integrado de la herramienta.<\/li>\n<\/ol>\n<\/li>\n<li>Las herramientas QX Series \u2122 IQV40 con par de apriete alto utilizan la bater\u00eda <strong><a href=\"https:\/\/tecram.cl\/wp\/product\/bateria-ingersoll-rand-bl4011-40v-2-5ah\/\">BL4011<\/a><\/strong> de 40V y 2,5 Ah, que proporciona un par m\u00e1s elevado y un mayor tiempo de funcionamiento. La bater\u00eda BL4011 resulta id\u00f3nea para las aplicaciones de uso prolongado. Las bater\u00edas de 40 V utilizan el cargador IQv Series de 40V y 2,5 Ah <strong><a href=\"https:\/\/tecram.cl\/wp\/product\/cargador-ingersoll-rand-40v-bc1161\/\">BC1161<\/a><\/strong><\/li>\n<\/ul>\n<p><strong>7 modelos con diferentes rangos de torque:<\/strong><\/p>\n<p><img data-dominant-color=\"f3ecda\" data-has-transparency=\"false\" style=\"--dominant-color: #f3ecda;\" loading=\"lazy\" decoding=\"async\" class=\"alignnone wp-image-622 size-large not-transparent\" src=\"https:\/\/tecram.cl\/wp\/wp-content\/uploads\/2024\/04\/Rangos-Torque-Angular-multiplicador-1024x732.jpg\" alt=\"\" width=\"840\" height=\"600\" \/><\/p>\n<\/div>\n<\/div>\n","protected":false},"excerpt":{"rendered":"<p>El innovador multiplicador de torque inal\u00e1mbrico QX Series reduce el tiempo y los costes de apriete, a la vez que garantiza una precisi\u00f3n repetible para todas las juntas en las que el par es vital. Dise\u00f1ado con una caja de engranajes Norbar\u2122 de calidad superior y un transductor de circuito cerrado de eficiencia probada, el multiplicador de par le ofrece una calidad, un control y unas configuraciones programables de primera clase para que pueda maximizar su productividad. Se ofrece la opci\u00f3n de incluir la aplicaci\u00f3n Insight Connect para Android<\/p>\n","protected":false},"featured_media":377,"template":"","meta":{"_joinchat":[]},"product_brand":[126],"product_cat":[110,54],"product_tag":[],"class_list":{"0":"post-1021","1":"product","2":"type-product","3":"status-publish","4":"has-post-thumbnail","6":"product_brand-ingersoll-rand","7":"product_cat-llave-angular-multiplicadora-ingersoll-rand","8":"product_cat-torque-controlado","9":"","11":"first","12":"instock","13":"shipping-taxable","14":"product-type-simple"},"_links":{"self":[{"href":"https:\/\/tecram.cl\/wp\/wp-json\/wp\/v2\/product\/1021","targetHints":{"allow":["GET"]}}],"collection":[{"href":"https:\/\/tecram.cl\/wp\/wp-json\/wp\/v2\/product"}],"about":[{"href":"https:\/\/tecram.cl\/wp\/wp-json\/wp\/v2\/types\/product"}],"wp:featuredmedia":[{"embeddable":true,"href":"https:\/\/tecram.cl\/wp\/wp-json\/wp\/v2\/media\/377"}],"wp:attachment":[{"href":"https:\/\/tecram.cl\/wp\/wp-json\/wp\/v2\/media?parent=1021"}],"wp:term":[{"taxonomy":"product_brand","embeddable":true,"href":"https:\/\/tecram.cl\/wp\/wp-json\/wp\/v2\/product_brand?post=1021"},{"taxonomy":"product_cat","embeddable":true,"href":"https:\/\/tecram.cl\/wp\/wp-json\/wp\/v2\/product_cat?post=1021"},{"taxonomy":"product_tag","embeddable":true,"href":"https:\/\/tecram.cl\/wp\/wp-json\/wp\/v2\/product_tag?post=1021"}],"curies":[{"name":"wp","href":"https:\/\/api.w.org\/{rel}","templated":true}]}}