{"id":1092,"date":"2025-04-05T08:51:12","date_gmt":"2025-04-05T12:51:12","guid":{"rendered":"https:\/\/tecram.cl\/wp\/?post_type=product&#038;p=1092"},"modified":"2025-06-16T18:20:31","modified_gmt":"2025-06-16T22:20:31","slug":"gata-oleoneumatica-chicago-pneumatic-cp85050","status":"publish","type":"product","link":"https:\/\/tecram.cl\/wp\/product\/gata-oleoneumatica-chicago-pneumatic-cp85050\/","title":{"rendered":"Gata Oleoneumatica Chicago Pneumatic CP85050"},"content":{"rendered":"<p>Idealmente adaptada para operaciones de cambio y mantenimiento de neum\u00e1ticos en veh\u00edculos pesados, la serie CP85 ofrece una alta capacidad de elevaci\u00f3n r\u00e1pida. La serie se suministra con 2 extensiones para una mayor elevaci\u00f3n, que se pueden almacenar en el mango. El pr\u00e1ctico joystick garantiza una elevaci\u00f3n y un control excelentes. Para facilitar el transporte, el mango de transporte est\u00e1 montado en el cilindro. Las ruedas grandes de goma blanda permiten operaciones dentro o fuera de los talleres. Los gatos hidroneum\u00e1ticos de Chicago est\u00e1n certificados por CE, TUV y ASME para brindar calidad y seguridad a los lugares de trabajo. Disponible en 5 modelos desde 30 hasta 100 toneladas.<\/p>\n<ul>\n<li id=\"features-group\" class=\"pb-1\">Pist\u00f3n neum\u00e1tico para una alta capacidad de elevaci\u00f3n r\u00e1pida en veh\u00edculos de eje alto<\/li>\n<li id=\"features-group\" class=\"pb-1\">El pist\u00f3n cromado duro garantiza durabilidad y resistencia a la corrosi\u00f3n<\/li>\n<li id=\"features-group\" class=\"pb-1\">La construcci\u00f3n de bajo perfil permite un f\u00e1cil acceso para levantar camiones y autobuses de chasis bajo<\/li>\n<li id=\"features-group\" class=\"pb-1\">El manillar largo permite un f\u00e1cil acceso y control cuando est\u00e1 completamente colocado debajo del veh\u00edculo.<\/li>\n<li id=\"features-group\" class=\"pb-1\">El manillar se bloquea en 3 posiciones: 45\u00b0, 90\u00b0 y 180\u00b0 para facilitar las maniobras<\/li>\n<\/ul>\n<p><img data-dominant-color=\"ebe0c2\" data-has-transparency=\"false\" style=\"--dominant-color: #ebe0c2;\" loading=\"lazy\" decoding=\"async\" class=\"alignnone size-full wp-image-1088 not-transparent\" src=\"https:\/\/tecram.cl\/wp\/wp-content\/uploads\/2025\/04\/Comparativo.jpg\" alt=\"\" width=\"595\" height=\"284\" srcset=\"https:\/\/tecram.cl\/wp\/wp-content\/uploads\/2025\/04\/Comparativo.jpg 595w, https:\/\/tecram.cl\/wp\/wp-content\/uploads\/2025\/04\/Comparativo-300x143.jpg 300w\" sizes=\"auto, (max-width: 595px) 100vw, 595px\" \/><\/p>\n<p><img loading=\"lazy\" decoding=\"async\" class=\"alignnone size-large\" src=\"https:\/\/www.cp.com\/content\/dam\/pim\/itba\/cp\/products\/workshop-equipment\/air-hydraulic-jacks\/CP85031_Application_Heavy-machinery_Off-road_2_BW.tif\/jcr:content\/renditions\/cq5dam.web.1600.1600.jpeg\" alt=\"Gatas Hidroneumaticas serie CP85\" width=\"1600\" height=\"1066\" \/><\/p>\n<p>&nbsp;<\/p>\n<p>&nbsp;<\/p>\n","protected":false},"excerpt":{"rendered":"<p>Toda una gama de gatas hidroneum\u00e1ticas para el cambio de neum\u00e1ticos y el mantenimiento de veh\u00edculos pesados.<\/p>\n<p>&nbsp;<\/p>\n","protected":false},"featured_media":1096,"template":"","meta":{"_joinchat":[]},"product_brand":[127],"product_cat":[114,113],"product_tag":[],"class_list":{"0":"post-1092","1":"product","2":"type-product","3":"status-publish","4":"has-post-thumbnail","6":"product_brand-chicago-pneumatic","7":"product_cat-gatas-oleoneumaticas-chicago-pneumatic","8":"product_cat-taller","9":"","11":"first","12":"instock","13":"shipping-taxable","14":"product-type-simple"},"_links":{"self":[{"href":"https:\/\/tecram.cl\/wp\/wp-json\/wp\/v2\/product\/1092","targetHints":{"allow":["GET"]}}],"collection":[{"href":"https:\/\/tecram.cl\/wp\/wp-json\/wp\/v2\/product"}],"about":[{"href":"https:\/\/tecram.cl\/wp\/wp-json\/wp\/v2\/types\/product"}],"wp:featuredmedia":[{"embeddable":true,"href":"https:\/\/tecram.cl\/wp\/wp-json\/wp\/v2\/media\/1096"}],"wp:attachment":[{"href":"https:\/\/tecram.cl\/wp\/wp-json\/wp\/v2\/media?parent=1092"}],"wp:term":[{"taxonomy":"product_brand","embeddable":true,"href":"https:\/\/tecram.cl\/wp\/wp-json\/wp\/v2\/product_brand?post=1092"},{"taxonomy":"product_cat","embeddable":true,"href":"https:\/\/tecram.cl\/wp\/wp-json\/wp\/v2\/product_cat?post=1092"},{"taxonomy":"product_tag","embeddable":true,"href":"https:\/\/tecram.cl\/wp\/wp-json\/wp\/v2\/product_tag?post=1092"}],"curies":[{"name":"wp","href":"https:\/\/api.w.org\/{rel}","templated":true}]}}