{"id":1143,"date":"2025-04-05T16:51:21","date_gmt":"2025-04-05T20:51:21","guid":{"rendered":"https:\/\/tecram.cl\/wp\/?post_type=product&#038;p=1143"},"modified":"2025-06-23T16:45:57","modified_gmt":"2025-06-23T20:45:57","slug":"llave-de-torque-manual-chicago-pneumatic-cp8915-e","status":"publish","type":"product","link":"https:\/\/tecram.cl\/wp\/product\/llave-de-torque-manual-chicago-pneumatic-cp8915-e\/","title":{"rendered":"Llave de Torque Manual 40 a 200Nm Chicago Pneumatic CP8915 E"},"content":{"rendered":"<p><span class=\"d-block medium mt-5\">Las llaves dinamom\u00e9tricas de Chicago est\u00e1n dise\u00f1adas para una precisi\u00f3n duradera de hasta 25 000 ciclos al 4 % seg\u00fan la norma ISO 6789-1: 2017.<\/span><\/p>\n<p><span class=\"d-block medium mt-5\">Para garantizar la solidez, la cabeza tiene un mecanismo de 54 dientes para incrementos de 6,6\u00b0. Se emite una se\u00f1al ac\u00fastica no intrusiva cuando se alcanza el torque. Cada llave dinamom\u00e9trica se entrega con una caja protectora moldeada por soplado con certificado de calibraci\u00f3n ISO 6789. La carraca de cabeza est\u00e1 construido con un sistema de bloqueo y liberaci\u00f3n r\u00e1pida. La serie CP89 se compone de 6 modelos de \u00bc\u00bb a 1&#8243;, de 5 Nm a 1000 Nm\/50 pulgadas libra a 750 ft.lbs.<\/span><\/p>\n<p>Caracteristicas<\/p>\n<ul>\n<li id=\"features-group\" class=\"pb-1\">Precision de 4 % seg\u00fan las especificaciones ISO 6789-1: 2017<\/li>\n<li id=\"features-group\" class=\"pb-1\">La fiabilidad del mecanismo de hasta 25\u00a0000 ciclos garantiza una precisi\u00f3n duradera<\/li>\n<li id=\"features-group\" class=\"pb-1\">El ajuste de torque con bloqueo manual en la parte delantera del mango garantiza la facilidad de uso y un ajuste preciso<\/li>\n<li id=\"features-group\" class=\"pb-1\">El mango de aluminio es resistente a los productos qu\u00edmicos comunes que se encuentran en los talleres<\/li>\n<li id=\"features-group\" class=\"pb-1\">Carraca de cabeza de pera fija de 54 dientes para mayor durabilidad<\/li>\n<\/ul>\n<div id=\"attachment_1486\" style=\"width: 698px\" class=\"wp-caption alignnone\"><img data-dominant-color=\"ece1c2\" data-has-transparency=\"false\" style=\"--dominant-color: #ece1c2;\" loading=\"lazy\" decoding=\"async\" aria-describedby=\"caption-attachment-1486\" class=\"wp-image-1486 size-full not-transparent\" src=\"https:\/\/tecram.cl\/wp\/wp-content\/uploads\/2025\/04\/Comparativo-serie-CP89-1.png\" alt=\"Comparativo serie CP89\" width=\"688\" height=\"320\" srcset=\"https:\/\/tecram.cl\/wp\/wp-content\/uploads\/2025\/04\/Comparativo-serie-CP89-1.png 688w, https:\/\/tecram.cl\/wp\/wp-content\/uploads\/2025\/04\/Comparativo-serie-CP89-1-300x140.png 300w, https:\/\/tecram.cl\/wp\/wp-content\/uploads\/2025\/04\/Comparativo-serie-CP89-1-600x279.png 600w\" sizes=\"auto, (max-width: 688px) 100vw, 688px\" \/><p id=\"caption-attachment-1486\" class=\"wp-caption-text\">Comparativo serie CP89<\/p><\/div>\n","protected":false},"excerpt":{"rendered":"<p>La Serie CP89 de llaves dinamom\u00e9tricas ofrecen precisi\u00f3n durante 25.000 ciclos y est\u00e1n dise\u00f1ados para proporcionar una alta durabilidad durante muchos usos distintos, tanto en autom\u00f3vil como camiones pesados, adem\u00e1s de numerosas aplicaciones de mantenimiento industrial, que requieren pares precisos y repetitivos para la seguridad y la operaci\u00f3n del equipo adecuado.<\/p>\n","protected":false},"featured_media":1144,"template":"","meta":{"_joinchat":[]},"product_brand":[127],"product_cat":[116,113],"product_tag":[],"class_list":{"0":"post-1143","1":"product","2":"type-product","3":"status-publish","4":"has-post-thumbnail","6":"product_brand-chicago-pneumatic","7":"product_cat-llaves-de-torque-dinamometricas","8":"product_cat-taller","9":"","11":"first","12":"instock","13":"featured","14":"shipping-taxable","15":"product-type-simple"},"_links":{"self":[{"href":"https:\/\/tecram.cl\/wp\/wp-json\/wp\/v2\/product\/1143","targetHints":{"allow":["GET"]}}],"collection":[{"href":"https:\/\/tecram.cl\/wp\/wp-json\/wp\/v2\/product"}],"about":[{"href":"https:\/\/tecram.cl\/wp\/wp-json\/wp\/v2\/types\/product"}],"wp:featuredmedia":[{"embeddable":true,"href":"https:\/\/tecram.cl\/wp\/wp-json\/wp\/v2\/media\/1144"}],"wp:attachment":[{"href":"https:\/\/tecram.cl\/wp\/wp-json\/wp\/v2\/media?parent=1143"}],"wp:term":[{"taxonomy":"product_brand","embeddable":true,"href":"https:\/\/tecram.cl\/wp\/wp-json\/wp\/v2\/product_brand?post=1143"},{"taxonomy":"product_cat","embeddable":true,"href":"https:\/\/tecram.cl\/wp\/wp-json\/wp\/v2\/product_cat?post=1143"},{"taxonomy":"product_tag","embeddable":true,"href":"https:\/\/tecram.cl\/wp\/wp-json\/wp\/v2\/product_tag?post=1143"}],"curies":[{"name":"wp","href":"https:\/\/api.w.org\/{rel}","templated":true}]}}