{"id":1687,"date":"2026-02-12T15:48:44","date_gmt":"2026-02-12T19:48:44","guid":{"rendered":"https:\/\/tecram.cl\/wp\/?post_type=product&#038;p=1687"},"modified":"2026-02-12T15:52:59","modified_gmt":"2026-02-12T19:52:59","slug":"taladro-neumatico-reversible-ingersoll-rand-3-8-7802ra","status":"publish","type":"product","link":"https:\/\/tecram.cl\/wp\/product\/taladro-neumatico-reversible-ingersoll-rand-3-8-7802ra\/","title":{"rendered":"Taladro Neumatico Reversible Ingersoll Rand 3\/8&#8243; 7802RA"},"content":{"rendered":"<p><strong>M\u00faltiples configuraciones<\/strong><br \/>\nTanto si desea la seguridad de una conexi\u00f3n mediante portabrocas con llave como si busca la versatilidad de una versi\u00f3n sin llave, podr\u00e1 encontrar una opci\u00f3n adecuada en esta serie de taladros neum\u00e1ticos.<\/p>\n<p><strong>Reversible<\/strong><br \/>\nEstos taladros neum\u00e1ticos ofrecen una opci\u00f3n reversible que le permite disfrutar de a\u00fan m\u00e1s flexibilidad.<\/p>\n<p><strong>Fiabilidad<\/strong><br \/>\nGracias a su resistente carcasa de aluminio y a su regulaci\u00f3n de la velocidad variable, puede tener la seguridad de que contar\u00e1 con un control total sobre su herramienta y que esta se comportar\u00e1 tal y como quiere.<\/p>\n<ul>\n<li>Capacidad del portabrocas de 10 mm (3\/8&#8243;) y version <a href=\"https:\/\/tecram.cl\/wp\/product\/taladro-neumatico-reversible-ingersoll-rand-1-2-7803\/\">7803<\/a> en 13 mm (1\/2&#8243;).<\/li>\n<li>Velocidad de giro libre: 2.000 RPM<\/li>\n<li>Potencia: 0.5HP \/ 0,38 kW.<\/li>\n<li>Peso: 1.2Kg<\/li>\n<\/ul>\n","protected":false},"excerpt":{"rendered":"<p>Estos taladros neum\u00e1ticos con empu\u00f1adura de pistola cl\u00e1sica, se presentan en m\u00faltiples configuraciones y resultan ideales para taladrar, escariar o rectificar orificios.<\/p>\n","protected":false},"featured_media":1688,"template":"","meta":{"_joinchat":[]},"product_brand":[126],"product_cat":[97],"product_tag":[],"class_list":{"0":"post-1687","1":"product","2":"type-product","3":"status-publish","4":"has-post-thumbnail","6":"product_brand-ingersoll-rand","7":"product_cat-taladro-neumatico","8":"","10":"first","11":"instock","12":"shipping-taxable","13":"product-type-simple"},"_links":{"self":[{"href":"https:\/\/tecram.cl\/wp\/wp-json\/wp\/v2\/product\/1687","targetHints":{"allow":["GET"]}}],"collection":[{"href":"https:\/\/tecram.cl\/wp\/wp-json\/wp\/v2\/product"}],"about":[{"href":"https:\/\/tecram.cl\/wp\/wp-json\/wp\/v2\/types\/product"}],"wp:featuredmedia":[{"embeddable":true,"href":"https:\/\/tecram.cl\/wp\/wp-json\/wp\/v2\/media\/1688"}],"wp:attachment":[{"href":"https:\/\/tecram.cl\/wp\/wp-json\/wp\/v2\/media?parent=1687"}],"wp:term":[{"taxonomy":"product_brand","embeddable":true,"href":"https:\/\/tecram.cl\/wp\/wp-json\/wp\/v2\/product_brand?post=1687"},{"taxonomy":"product_cat","embeddable":true,"href":"https:\/\/tecram.cl\/wp\/wp-json\/wp\/v2\/product_cat?post=1687"},{"taxonomy":"product_tag","embeddable":true,"href":"https:\/\/tecram.cl\/wp\/wp-json\/wp\/v2\/product_tag?post=1687"}],"curies":[{"name":"wp","href":"https:\/\/api.w.org\/{rel}","templated":true}]}}