{"id":279,"date":"2023-08-08T20:59:52","date_gmt":"2023-08-08T20:59:52","guid":{"rendered":"https:\/\/tecram.cl\/wp\/?post_type=product&#038;p=279"},"modified":"2025-06-16T18:40:42","modified_gmt":"2025-06-16T22:40:42","slug":"llave-de-impacto-cuadrante-1-2%e2%80%b3-x-2%e2%80%b3-231ha-2","status":"publish","type":"product","link":"https:\/\/tecram.cl\/wp\/product\/llave-de-impacto-cuadrante-1-2%e2%80%b3-x-2%e2%80%b3-231ha-2\/","title":{"rendered":"Llave Impacto Ingersoll Rand 1\/2\u2033 con anvil de 2\u2033 231HA-2"},"content":{"rendered":"<div class=\"product-short-description\">\n<p><span class=\"_value-text_xztep4\" title=\"vLlave de impacto neum\u00e1tica de 1\/2&quot;, yunque externo de 2&quot;, Super Duty, torsi\u00f3n de 600 ft-lb, retenedor de anillo de fricci\u00f3n, pistola La serie 231HA es la llave de impacto ideal para cualquier trabajo que realice, desde mantenimiento de instalaciones y trabajos industriales hasta reparaci\u00f3n de veh\u00edculos y reparaci\u00f3n de neum\u00e1ticos. Resistente y duradera con un potente motor de paletas, esta llave de impacto no lo defraudar\u00e1.\">Llave de impacto neum\u00e1tica de 1\/2&#8243;, anvil de 2&#8243;, Super Duty, torsi\u00f3n de 600 ft-lb, retenedor de anillo de fricci\u00f3n, pistola La serie 231HA es la llave de impacto ideal para cualquier trabajo que realice, desde mantenimiento de instalaciones y trabajos industriales hasta reparaci\u00f3n de veh\u00edculos y reparaci\u00f3n de neum\u00e1ticos. Resistente y duradera con un potente motor de paletas, esta llave de impacto no lo defraudar\u00e1.<\/span><\/p>\n<\/div>\n","protected":false},"excerpt":{"rendered":"<div class=\"large-10 col pb-0 mb-0\">\n<div class=\"panel entry-content\">\n<p><span class=\"_value-text_xztep4\" title=\"Llave de impacto neum\u00e1tica de 1\/2&quot;, 600 libras - pie Max. Torque inverso, Super Duty, empu\u00f1adura tipo pistola, zanco extendido de 2&quot;\">Llave de impacto neum\u00e1tica de 1\/2&#8243;, 600 libras &#8211; pie Max. Torque inverso, Super Duty, empu\u00f1adura tipo pistola, zanco extendido de 2&#8243;<\/span><\/p>\n<h3>CARACTERISTICAS<\/h3>\n<div id=\"features-collapse\" class=\"phone-collapse-body collapse\">\n<div class=\"tab_0 parsys\">\n<div class=\"columnControl section\">\n<div class=\"full-width-section__content\">\n<div class=\"row row--not-advanced row--white\">\n<div class=\"col-xs-12\">\n<div class=\"column\">\n<div class=\"section richText\">\n<ul>\n<li>Durabilidad: Esta llave de impacto es lo suficientemente resistente como para soportar entornos dif\u00edciles, ca\u00eddas repetidas y contacto con cualquier cantidad de qu\u00edmicos.<\/li>\n<li>Fiabilidad: La llave de impacto de la Serie 231HA proporciona confiabilidad y potencia de larga duraci\u00f3n. Mientras la tenga, funcionar\u00e1 igual que el d\u00eda uno.<\/li>\n<\/ul>\n<\/div>\n<\/div>\n<\/div>\n<\/div>\n<\/div>\n<\/div>\n<\/div>\n<\/div>\n<\/div>\n<\/div>\n<div class=\"notranslate\" style=\"all: initial;\"><\/div>\n","protected":false},"featured_media":280,"template":"","meta":{"_joinchat":[]},"product_brand":[126],"product_cat":[87,51,61],"product_tag":[],"class_list":{"0":"post-279","1":"product","2":"type-product","3":"status-publish","4":"has-post-thumbnail","6":"product_brand-ingersoll-rand","7":"product_cat-1_2","8":"product_cat-herramientas-neumaticas","9":"product_cat-llave-de-impacto-neumatica","10":"","12":"first","13":"instock","14":"shipping-taxable","15":"product-type-simple"},"_links":{"self":[{"href":"https:\/\/tecram.cl\/wp\/wp-json\/wp\/v2\/product\/279","targetHints":{"allow":["GET"]}}],"collection":[{"href":"https:\/\/tecram.cl\/wp\/wp-json\/wp\/v2\/product"}],"about":[{"href":"https:\/\/tecram.cl\/wp\/wp-json\/wp\/v2\/types\/product"}],"wp:featuredmedia":[{"embeddable":true,"href":"https:\/\/tecram.cl\/wp\/wp-json\/wp\/v2\/media\/280"}],"wp:attachment":[{"href":"https:\/\/tecram.cl\/wp\/wp-json\/wp\/v2\/media?parent=279"}],"wp:term":[{"taxonomy":"product_brand","embeddable":true,"href":"https:\/\/tecram.cl\/wp\/wp-json\/wp\/v2\/product_brand?post=279"},{"taxonomy":"product_cat","embeddable":true,"href":"https:\/\/tecram.cl\/wp\/wp-json\/wp\/v2\/product_cat?post=279"},{"taxonomy":"product_tag","embeddable":true,"href":"https:\/\/tecram.cl\/wp\/wp-json\/wp\/v2\/product_tag?post=279"}],"curies":[{"name":"wp","href":"https:\/\/api.w.org\/{rel}","templated":true}]}}