{"id":356,"date":"2023-12-22T21:08:38","date_gmt":"2023-12-22T21:08:38","guid":{"rendered":"https:\/\/tecram.cl\/wp\/?post_type=product&#038;p=356"},"modified":"2025-07-25T10:21:19","modified_gmt":"2025-07-25T14:21:19","slug":"llave-impacto-inalambrica-ingersoll-rand-1-w9491-k4e","status":"publish","type":"product","link":"https:\/\/tecram.cl\/wp\/product\/llave-impacto-inalambrica-ingersoll-rand-1-w9491-k4e\/","title":{"rendered":"Llave Impacto Inal\u00e1mbrica Ingersoll Rand 1&#8243; W9491-K4E"},"content":{"rendered":"<p>Gracias su configuraci\u00f3n r\u00e1pida y a la ausencia de mangueras con las que tropezar, las llaves de impacto inal\u00e1mbricas de 1&#8243; de servicio pesado W9491 y W9691 mejoran la seguridad y la eficiencia. La capacidad de innovaci\u00f3n de Ingersoll Rand garantiza un peso equilibrado, una empu\u00f1adura en D ergon\u00f3mica con una empu\u00f1adura auxiliar de 360\u00b0 y una configuraci\u00f3n de la bater\u00eda IQV20 protegida con energ\u00eda para una jornada de trabajo completa. <strong>Potencia<\/strong> Con la llave de impacto inal\u00e1mbrica de 1&#8243; de Ingersoll Rand, siempre tendr\u00e1 a su disposici\u00f3n m\u00e1s de 4.000 Nm de potencia con un control total.<\/p>\n<ul>\n<li>Par de despegue de 4.000 Nm y par de apriete de 3.000 Nm.<\/li>\n<li>Cuatro modos de control de la potencia, con dos que incorporan desconexi\u00f3n autom\u00e1tica (a un par de atornillado de 250 y 550 Nm).<\/li>\n<li>El sistema de control de la potencia integrado incluye dos modos que detendr\u00e1n la herramienta, AJUSTE o potencia MEDIA, cuando se acerque a los valores indicados anteriormente.<\/li>\n<\/ul>\n<p><strong>Productividad<\/strong> Reduzca el tiempo de configuraci\u00f3n en hasta un 15% en comparaci\u00f3n con la configuraci\u00f3n de las herramientas neum\u00e1ticas para poder realizar m\u00e1s trabajo cada d\u00eda. Mejore la productividad y el confort de sus operarios, ya que no tendr\u00e1n que llevar con ellos ninguna manguera de aire para enchufar.<\/p>\n<ul>\n<li>4 modos de control de la potencia, con 2 con desconexi\u00f3n autom\u00e1tica (a 250 y 550 Nm).<\/li>\n<li>La bater\u00eda de la llave de impacto de alto par aprovecha la plataforma de bater\u00eda IQV20 actual para brindarle suficiente potencia para un d\u00eda de trabajo completo.<\/li>\n<li>Proporciona una ergonom\u00eda superior: ambas bater\u00edas se colocan en el bastidor de la herramienta, por lo que resulta menos inc\u00f3moda de manejar.<\/li>\n<\/ul>\n<p><strong>Durabilidad<\/strong><\/p>\n<ul>\n<li>Gracias a su clasificaci\u00f3n IP56, se puede emplear en condiciones ambientales dif\u00edciles, como los sectores del mantenimiento de camiones de flotas, el petr\u00f3leo y el gas, la generaci\u00f3n de energ\u00eda y el sector ferroviario. Esto quiere decir que esta llave de impacto alimentada por bater\u00eda est\u00e1 protegida contra el polvo y las part\u00edculas del aire, as\u00ed como contra chorros de agua de gran potencia. Esto quiere decir que esta llave de impacto alimentada por bater\u00eda est\u00e1 protegida contra el polvo y las part\u00edculas del aire, as\u00ed como contra chorros de agua de gran potencia.<\/li>\n<li>Su carcasa de composite resistente a los productos qu\u00edmicos y los impactos aguanta la inmensa mayor\u00eda de los fluidos que se encuentran en talleres de mantenimiento y obras.<\/li>\n<\/ul>\n<p><strong>Capacidad<\/strong><\/p>\n<ul>\n<li>Hasta 250 tornillos por carga, capacidad suficiente para dar buena cuenta de todas las tuercas y tornillos de un d\u00eda de trabajo completo.<\/li>\n<li>Reduce el coste total de propiedad al aprovechar sus bater\u00edas actuales: la W9491 y la W9691\u00a0emplean la misma bater\u00eda de ion-litio de 20 V que se emplea en toda la l\u00ednea de herramientas inal\u00e1mbricas IQV20 de Ingersoll Rand.<\/li>\n<li>La versi\u00f3n con un eje con <a href=\"https:\/\/tecram.cl\/wp\/product\/llave-de-impacto-inalambrica-de-par-alto-de-1-y-20-v-w9691\/\">extensi\u00f3n de 6&#8243;<\/a> permite trabajar mejor en zonas escondidas y en lugares de dif\u00edcil acceso.<\/li>\n<\/ul>\n<p><iframe loading=\"lazy\" title=\"ES: LA LLAVE DE IMPACTO INAL\u00c1MBRICA M\u00c1S POTENTE DEL MUNDO\" width=\"840\" height=\"473\" src=\"https:\/\/www.youtube.com\/embed\/BNqEG4mTsyw?feature=oembed\" frameborder=\"0\" allow=\"accelerometer; autoplay; clipboard-write; encrypted-media; gyroscope; picture-in-picture; web-share\" referrerpolicy=\"strict-origin-when-cross-origin\" allowfullscreen><\/iframe><\/p>\n","protected":false},"excerpt":{"rendered":"<p>Le presentamos las llaves de impacto inal\u00e1mbricas de 1&#8243; con eje con extensi\u00f3n con m\u00e1s potencia del mundo: la <a href=\"https:\/\/tecram.cl\/wp\/product\/llave-de-impacto-inalambrica-de-par-alto-de-1-y-20-v-w9491\/\">W9491<\/a> y la <a href=\"https:\/\/tecram.cl\/wp\/product\/llave-de-impacto-inalambrica-de-par-alto-de-1-y-20-v-w9691\/\">W9691<\/a> de Ingersoll Rand.<\/p>\n<p>La pistola de impacto inal\u00e1mbrica de 1\u2033 W9491-K4E de Ingersoll Rand\u00ae es una herramienta avanzada dise\u00f1ada para ofrecer la m\u00e1xima potencia con la libertad de movilidad inal\u00e1mbrica. Esta llave de impacto combina la potencia tradicional del aire comprimido con la conveniencia de la tecnolog\u00eda sin cables, proporcionando a los operarios la capacidad de moverse con total libertad incluso en los espacios m\u00e1s reducidos.<\/p>\n<p>Consiga hasta 4.000 Nm de par de despegue con un 100% de movilidad del l\u00edder del mercado en llaves de impacto de 1&#8243;.<\/p>\n","protected":false},"featured_media":361,"template":"","meta":{"_joinchat":[]},"product_brand":[126],"product_cat":[52,67],"product_tag":[],"class_list":{"0":"post-356","1":"product","2":"type-product","3":"status-publish","4":"has-post-thumbnail","6":"product_brand-ingersoll-rand","7":"product_cat-herramientas-electricas","8":"product_cat-llaves-de-impacto","9":"","11":"first","12":"instock","13":"shipping-taxable","14":"product-type-simple"},"_links":{"self":[{"href":"https:\/\/tecram.cl\/wp\/wp-json\/wp\/v2\/product\/356","targetHints":{"allow":["GET"]}}],"collection":[{"href":"https:\/\/tecram.cl\/wp\/wp-json\/wp\/v2\/product"}],"about":[{"href":"https:\/\/tecram.cl\/wp\/wp-json\/wp\/v2\/types\/product"}],"wp:featuredmedia":[{"embeddable":true,"href":"https:\/\/tecram.cl\/wp\/wp-json\/wp\/v2\/media\/361"}],"wp:attachment":[{"href":"https:\/\/tecram.cl\/wp\/wp-json\/wp\/v2\/media?parent=356"}],"wp:term":[{"taxonomy":"product_brand","embeddable":true,"href":"https:\/\/tecram.cl\/wp\/wp-json\/wp\/v2\/product_brand?post=356"},{"taxonomy":"product_cat","embeddable":true,"href":"https:\/\/tecram.cl\/wp\/wp-json\/wp\/v2\/product_cat?post=356"},{"taxonomy":"product_tag","embeddable":true,"href":"https:\/\/tecram.cl\/wp\/wp-json\/wp\/v2\/product_tag?post=356"}],"curies":[{"name":"wp","href":"https:\/\/api.w.org\/{rel}","templated":true}]}}