{"id":384,"date":"2023-12-22T21:35:58","date_gmt":"2023-12-22T21:35:58","guid":{"rendered":"https:\/\/tecram.cl\/wp\/?post_type=product&#038;p=384"},"modified":"2025-06-16T18:24:09","modified_gmt":"2025-06-16T22:24:09","slug":"comprobador-de-torque-ingersoll-rand-extt","status":"publish","type":"product","link":"https:\/\/tecram.cl\/wp\/product\/comprobador-de-torque-ingersoll-rand-extt\/","title":{"rendered":"Comprobador de Torque Ingersoll Rand EXTT"},"content":{"rendered":"<ul>\n<li class=\"title\">Transductor integrado con adaptador de extracci\u00f3n.<\/li>\n<li class=\"title\">Pantalla LCD de gran tama\u00f1o y f\u00e1cil de leer.<\/li>\n<li class=\"title\">Men\u00fas basados en iconos f\u00e1ciles de usar.<\/li>\n<li class=\"title\">Compatible con toda la gama de herramientas de precisi\u00f3n neum\u00e1ticas, el\u00e9ctricas y manuales.<\/li>\n<li class=\"title\">Descarga r\u00e1pida de los resultados a un ordenador o una impresora.<\/li>\n<li class=\"title\">Supervisa el par, el \u00e1ngulo, el tiempo y el recuento de pulsos.<\/li>\n<li class=\"title\">Permite seleccionar las unidades de par, las frecuencias de filtro, el idioma y los ajustes de ahorro de energ\u00eda.<\/li>\n<li class=\"title\">Almacenamiento autom\u00e1tico de las lecturas con indicaci\u00f3n de fecha y hora.<\/li>\n<li class=\"title\">Fuente de alimentaci\u00f3n universal.<\/li>\n<li class=\"title\">Capacidades estad\u00edsticas completas (Cp, Cpk, Pp, Ppk, CMK, CAM, rango, media y desviaci\u00f3n est\u00e1ndar).<\/li>\n<\/ul>\n","protected":false},"excerpt":{"rendered":"<p>Los comprobadores de torque EXTT Series proporcionan un m\u00e9todo r\u00e1pido y f\u00e1cil de usar para configurar y calibrar herramientas de atornillado de precisi\u00f3n de bajo par, lo que incluye atornilladores, aprietatuercas y herramientas de impulso, tanto el\u00e9ctricos como neum\u00e1ticos. El comprobador EXTT es una unidad de sobremesa de bater\u00eda que se puede montar en un almac\u00e9n de herramientas o un laboratorio de calibraci\u00f3n, o que puede situarse en un carrito m\u00f3vil y llevarse a un lugar de trabajo.Disponemos de 4 modelos, que ofrecen un rango de par de 0,1 a 30 Nm.<\/p>\n","protected":false},"featured_media":385,"template":"","meta":{"_joinchat":[]},"product_brand":[126],"product_cat":[54,72],"product_tag":[],"class_list":{"0":"post-384","1":"product","2":"type-product","3":"status-publish","4":"has-post-thumbnail","6":"product_brand-ingersoll-rand","7":"product_cat-torque-controlado","8":"product_cat-torquimetros","9":"","11":"first","12":"instock","13":"shipping-taxable","14":"product-type-simple"},"_links":{"self":[{"href":"https:\/\/tecram.cl\/wp\/wp-json\/wp\/v2\/product\/384","targetHints":{"allow":["GET"]}}],"collection":[{"href":"https:\/\/tecram.cl\/wp\/wp-json\/wp\/v2\/product"}],"about":[{"href":"https:\/\/tecram.cl\/wp\/wp-json\/wp\/v2\/types\/product"}],"wp:featuredmedia":[{"embeddable":true,"href":"https:\/\/tecram.cl\/wp\/wp-json\/wp\/v2\/media\/385"}],"wp:attachment":[{"href":"https:\/\/tecram.cl\/wp\/wp-json\/wp\/v2\/media?parent=384"}],"wp:term":[{"taxonomy":"product_brand","embeddable":true,"href":"https:\/\/tecram.cl\/wp\/wp-json\/wp\/v2\/product_brand?post=384"},{"taxonomy":"product_cat","embeddable":true,"href":"https:\/\/tecram.cl\/wp\/wp-json\/wp\/v2\/product_cat?post=384"},{"taxonomy":"product_tag","embeddable":true,"href":"https:\/\/tecram.cl\/wp\/wp-json\/wp\/v2\/product_tag?post=384"}],"curies":[{"name":"wp","href":"https:\/\/api.w.org\/{rel}","templated":true}]}}