{"id":444,"date":"2023-12-28T20:03:40","date_gmt":"2023-12-28T20:03:40","guid":{"rendered":"https:\/\/tecram.cl\/wp\/?post_type=product&#038;p=444"},"modified":"2025-06-16T18:24:09","modified_gmt":"2025-06-16T22:24:09","slug":"hlk-series-air-chain-hoists","status":"publish","type":"product","link":"https:\/\/tecram.cl\/wp\/product\/hlk-series-air-chain-hoists\/","title":{"rendered":"Ingersoll Rand HLK Series Air Chain Hoists"},"content":{"rendered":"<p><span class=\"HwtZe\" lang=\"es\"><span class=\"jCAhz ChMk0b\"><span class=\"ryNqvb\">Cumple con las especificaciones<\/span><\/span>:<\/span><\/p>\n<p><span class=\"HwtZe\" lang=\"es\"><span class=\"jCAhz ChMk0b\"><span class=\"ryNqvb\">Ciclo de trabajo del 100%.<\/span><\/span> <span class=\"jCAhz ChMk0b\"><span class=\"ryNqvb\">MLK\/HLK est\u00e1n clasificados como clasificaci\u00f3n de servicio HMI A5, servicio severo.<\/span><\/span> <span class=\"jCAhz ChMk0b\"><span class=\"ryNqvb\">Esto equivale a la clasificaci\u00f3n de servicio FEM 9.511 de 2 m.<\/span><\/span> <\/span><\/p>\n<p><span class=\"HwtZe\" lang=\"es\"><span class=\"jCAhz ChMk0b\"><span class=\"ryNqvb\">Estos polipastos son ideales para los entornos hostiles que se encuentran en acer\u00edas, fundiciones y operaciones de galvanoplastia.<\/span><\/span> <span class=\"jCAhz ChMk0b\"><span class=\"ryNqvb\">Tambi\u00e9n son ideales para aplicaciones de alto ciclo de trabajo.<\/span><\/span> <\/span><\/p>\n<p><span class=\"HwtZe\" lang=\"es\"><span class=\"jCAhz ChMk0b\"><span class=\"ryNqvb\">Los controles colgantes con cadena de tracci\u00f3n o piloto brindan capacidades de localizaci\u00f3n precisas.<\/span><\/span> <\/span><span class=\"HwtZe\" lang=\"es\"><span class=\"jCAhz ChMk0b\"><span class=\"ryNqvb\">Para un control a\u00fan m\u00e1s preciso, hay disponibles modelos MLKS de baja velocidad.<\/span><\/span> <\/span><\/p>\n<p><span class=\"HwtZe\" lang=\"es\"><span class=\"jCAhz ChMk0b\"><span class=\"ryNqvb\">El freno de disco autoajustable operado por aire se aplica con resorte y se libera con aire.<\/span><\/span> <span class=\"jCAhz ChMk0b\"><span class=\"ryNqvb\">Desgaste probado en m\u00e1s de 1 mill\u00f3n de ciclos antes del reemplazo.<\/span><\/span> <\/span><\/p>\n<p><span class=\"HwtZe\" lang=\"es\"><span class=\"jCAhz ChMk0b\"><span class=\"ryNqvb\">Todas las piezas giratorias est\u00e1n soportadas por rodamientos de bolas o de rodillos.<\/span><\/span> <span class=\"jCAhz ChMk0b\"><span class=\"ryNqvb\">El exclusivo sistema de engranajes planetarios garantiza una larga vida \u00fatil.<\/span><\/span> <\/span><\/p>\n<p><span class=\"HwtZe\" lang=\"es\"><span class=\"jCAhz ChMk0b\"><span class=\"ryNqvb\">El dise\u00f1o bien pensado incluye intercambiabilidad de piezas, entradas giratorias, lubricaci\u00f3n de la cadena de aire de escape, tornillos de ajuste de control y f\u00e1cil conversi\u00f3n de cadena de tracci\u00f3n a control colgante.<\/span><\/span>\u00a0<\/span><\/p>\n","protected":false},"excerpt":{"rendered":"<p><span class=\"HwtZe\" lang=\"es\"><span class=\"jCAhz ChMk0b\"><span class=\"ryNqvb\">Capacidad de elevaci\u00f3n de 2200 lb (1000 kg) &#8211; 13200 lb (6000 kg) <\/span><\/span><\/span><\/p>\n<p><span class=\"HwtZe\" lang=\"es\"><span class=\"jCAhz ChMk0b\"><span class=\"ryNqvb\">La serie HLK, resistente y confiable, presta servicio a la industria durante m\u00e1s de 25 a\u00f1os y comparte un dise\u00f1o com\u00fan con muchas piezas intercambiables.<\/span><\/span> <span class=\"jCAhz ChMk0b\"><span class=\"ryNqvb\">Con altas velocidades y posicionamiento preciso, estos polipastos son ideales para operaciones de ciclo de producci\u00f3n alto.<\/span><\/span> <span class=\"jCAhz ChMk0b\"><span class=\"ryNqvb\">Se ofrece resistente a chispas, designado con un sufijo KR.<\/span><\/span> <span class=\"jCAhz ChMk0b\"><span class=\"ryNqvb\">La serie HLK viene con una amplia gama de opciones y accesorios Los polipastos de la serie HLK vienen completos con 10 pies de elevaci\u00f3n est\u00e1ndar y 6 pies de control colgante o 6 pies de control de cadena de tracci\u00f3n.<\/span><\/span><\/span><\/p>\n","protected":false},"featured_media":445,"template":"","meta":{"_joinchat":[]},"product_brand":[126],"product_cat":[58,77],"product_tag":[],"class_list":{"0":"post-444","1":"product","2":"type-product","3":"status-publish","4":"has-post-thumbnail","6":"product_brand-ingersoll-rand","7":"product_cat-equipos-de-levante","8":"product_cat-tecle-neumatico","9":"","11":"first","12":"instock","13":"shipping-taxable","14":"product-type-simple"},"_links":{"self":[{"href":"https:\/\/tecram.cl\/wp\/wp-json\/wp\/v2\/product\/444","targetHints":{"allow":["GET"]}}],"collection":[{"href":"https:\/\/tecram.cl\/wp\/wp-json\/wp\/v2\/product"}],"about":[{"href":"https:\/\/tecram.cl\/wp\/wp-json\/wp\/v2\/types\/product"}],"wp:featuredmedia":[{"embeddable":true,"href":"https:\/\/tecram.cl\/wp\/wp-json\/wp\/v2\/media\/445"}],"wp:attachment":[{"href":"https:\/\/tecram.cl\/wp\/wp-json\/wp\/v2\/media?parent=444"}],"wp:term":[{"taxonomy":"product_brand","embeddable":true,"href":"https:\/\/tecram.cl\/wp\/wp-json\/wp\/v2\/product_brand?post=444"},{"taxonomy":"product_cat","embeddable":true,"href":"https:\/\/tecram.cl\/wp\/wp-json\/wp\/v2\/product_cat?post=444"},{"taxonomy":"product_tag","embeddable":true,"href":"https:\/\/tecram.cl\/wp\/wp-json\/wp\/v2\/product_tag?post=444"}],"curies":[{"name":"wp","href":"https:\/\/api.w.org\/{rel}","templated":true}]}}