{"id":537,"date":"2024-04-14T15:45:39","date_gmt":"2024-04-14T15:45:39","guid":{"rendered":"https:\/\/tecram.cl\/wp\/?post_type=product&#038;p=537"},"modified":"2025-06-16T18:23:34","modified_gmt":"2025-06-16T22:23:34","slug":"llave-impacto-1-mod-2925b2ti","status":"publish","type":"product","link":"https:\/\/tecram.cl\/wp\/product\/llave-impacto-1-mod-2925b2ti\/","title":{"rendered":"Llave Impacto Industrial 1&#8243; 2925B2Ti"},"content":{"rendered":"<div id=\"ember7325\" class=\"ember-view\">\n<div class=\"product-property-group expanded\" data-test-property-group=\"Product Specifications\">\n<div class=\"column\">\n<div class=\"richText section\">\n<p><strong>DURABILIDAD:<\/strong> Gracias a su carcasa delantera de titanio, es tanto ligera como duradera.<\/p>\n<p><strong>FIABILIDAD:<\/strong>\u00a0Gracias a su mecanismo de impacto de doble martillo, la llave 2925 Series posee menos sensibilidad a las fluctuaciones de la presi\u00f3n de aire, por lo que no tendr\u00e1 que preocuparse por si su ubicaci\u00f3n afecta al rendimiento de la llave.<\/p>\n<p><strong>M\u00daLTIPLES OPCIONES DE GATILLO:<\/strong> Esta herramienta incorpora un gatillo interno con opciones con gatillo Externo<\/p>\n<\/div>\n<\/div>\n<div class=\"columnControl section\">\n<div class=\"full-width-section__content\">\n<div class=\"row row--not-advanced row--white\">\n<div class=\"col-sm-6\">\n<div class=\"column\">\n<div class=\"richText section\">\n<ul>\n<li>Tapas de motor de bronce y tratamiento\u00a0anticorrosi\u00f3n que evitan la oxidaci\u00f3n del interior en entornos exteriores y h\u00famedos.<\/li>\n<li>La opci\u00f3n de elegir entre motores con polarizaci\u00f3n y sin polarizaci\u00f3n inversa le ofrece soluciones tanto para extraer tornillos como para atornillarlos.<\/li>\n<li>La lubricaci\u00f3n a presi\u00f3n del mecanismo garantiza que esta llegue a toda la herramienta.<\/li>\n<li>Optimizada para el uso industrial general, el sector ferroviario, la maquinaria pesada, las compa\u00f1\u00edas de gas y petr\u00f3leo y la fabricaci\u00f3n de barcos.<\/li>\n<li>Silenciador integral.<\/li>\n<\/ul>\n<h4 class=\"product-property-group-header\">Especificaciones T\u00e9cnicas:<\/h4>\n<p>Cuadrante: 1&#8243;<br \/>\nTorque Maximo en Reversa [ft-lbs\/Nm]: 1.600 \/ 2.169<br \/>\nTorque Maximo apriete [ft-lbs\/Nm]: 1.250 \/ 1.695<br \/>\nBPM: 900<br \/>\nrpm libres: 6.500<br \/>\nPeso [lb\/kg]: 15,2 \/ 6,89<br \/>\nLargo [in\/mm]: 13,3 \/ 337<br \/>\nEntrada Aire: NPT 3\/8&#8243;<br \/>\nManguera minima (Diametro Interno): 1\/2&#8243;<\/p>\n<\/div>\n<\/div>\n<\/div>\n<\/div>\n<\/div>\n<\/div>\n<h4><\/h4>\n<\/div>\n<\/div>\n","protected":false},"excerpt":{"rendered":"<p>La llave 2925 incluye una lista de caracter\u00edsticas insuperables que satisface los requisitos m\u00e1s exigentes para las aplicaciones industriales de servicio pesado. Dotada de una carcasa delantera de titanio y un tratamiento anticorrosi\u00f3n, se trata de una serie resistente tanto al \u00f3xido como a la corrosi\u00f3n.<\/p>\n<p>Llave de Impacto Industrial SUPER-DUTY<\/p>\n<p>&nbsp;<\/p>\n","protected":false},"featured_media":921,"template":"","meta":{"_joinchat":[]},"product_brand":[126],"product_cat":[88,61],"product_tag":[],"class_list":{"0":"post-537","1":"product","2":"type-product","3":"status-publish","4":"has-post-thumbnail","6":"product_brand-ingersoll-rand","7":"product_cat-cuadrante-1","8":"product_cat-llave-de-impacto-neumatica","9":"","11":"first","12":"instock","13":"shipping-taxable","14":"product-type-simple"},"_links":{"self":[{"href":"https:\/\/tecram.cl\/wp\/wp-json\/wp\/v2\/product\/537","targetHints":{"allow":["GET"]}}],"collection":[{"href":"https:\/\/tecram.cl\/wp\/wp-json\/wp\/v2\/product"}],"about":[{"href":"https:\/\/tecram.cl\/wp\/wp-json\/wp\/v2\/types\/product"}],"wp:featuredmedia":[{"embeddable":true,"href":"https:\/\/tecram.cl\/wp\/wp-json\/wp\/v2\/media\/921"}],"wp:attachment":[{"href":"https:\/\/tecram.cl\/wp\/wp-json\/wp\/v2\/media?parent=537"}],"wp:term":[{"taxonomy":"product_brand","embeddable":true,"href":"https:\/\/tecram.cl\/wp\/wp-json\/wp\/v2\/product_brand?post=537"},{"taxonomy":"product_cat","embeddable":true,"href":"https:\/\/tecram.cl\/wp\/wp-json\/wp\/v2\/product_cat?post=537"},{"taxonomy":"product_tag","embeddable":true,"href":"https:\/\/tecram.cl\/wp\/wp-json\/wp\/v2\/product_tag?post=537"}],"curies":[{"name":"wp","href":"https:\/\/api.w.org\/{rel}","templated":true}]}}