{"id":718,"date":"2024-04-19T10:25:53","date_gmt":"2024-04-19T14:25:53","guid":{"rendered":"https:\/\/tecram.cl\/wp\/?post_type=product&#038;p=718"},"modified":"2025-06-16T18:23:10","modified_gmt":"2025-06-16T22:23:10","slug":"motores-neumaticos-serie-kk5b-para-polipastos","status":"publish","type":"product","link":"https:\/\/tecram.cl\/wp\/product\/motores-neumaticos-serie-kk5b-para-polipastos\/","title":{"rendered":"Motores neum\u00e1ticos Serie KK5B para polipastos"},"content":{"rendered":"<div class=\"card__content\">\n<div class=\"card__content__description\">\n<div class=\"card__content__description--font-control\">\n<ul>\n<li>Motores neum\u00e1ticos de pist\u00f3n radial y de transmisi\u00f3n directa.<\/li>\n<li>Hasta 22,3 kW y 900 r.p.m.<\/li>\n<li>Motores de pist\u00f3n ideales para cargas variables.<\/li>\n<\/ul>\n<\/div>\n<\/div>\n<\/div>\n<p>Durabilidad<br \/>\nEstos motores son capaces de trabajar en entornos dif\u00edciles.<\/p>\n<p>Versatilidad<br \/>\nEstos motores pueden funcionar a velocidades y pares variables, y tambi\u00e9n cuentan con opciones de montaje con brida y patas.<\/p>\n","protected":false},"excerpt":{"rendered":"<div class=\"ProductLayout__selling-card__text__scrollbar__description\">La Serie KK5B incorpora motores neum\u00e1ticos con pist\u00f3n de transmisi\u00f3n directa. Adem\u00e1s, cuenta con un dise\u00f1o de pist\u00f3n radial para aplicaciones de tipo cabrestante y polipasto.<\/div>\n","protected":false},"featured_media":719,"template":"","meta":{"_joinchat":[]},"product_brand":[126],"product_cat":[50],"product_tag":[],"class_list":{"0":"post-718","1":"product","2":"type-product","3":"status-publish","4":"has-post-thumbnail","6":"product_brand-ingersoll-rand","7":"product_cat-uncategorized","8":"","10":"first","11":"instock","12":"shipping-taxable","13":"product-type-simple"},"_links":{"self":[{"href":"https:\/\/tecram.cl\/wp\/wp-json\/wp\/v2\/product\/718","targetHints":{"allow":["GET"]}}],"collection":[{"href":"https:\/\/tecram.cl\/wp\/wp-json\/wp\/v2\/product"}],"about":[{"href":"https:\/\/tecram.cl\/wp\/wp-json\/wp\/v2\/types\/product"}],"wp:featuredmedia":[{"embeddable":true,"href":"https:\/\/tecram.cl\/wp\/wp-json\/wp\/v2\/media\/719"}],"wp:attachment":[{"href":"https:\/\/tecram.cl\/wp\/wp-json\/wp\/v2\/media?parent=718"}],"wp:term":[{"taxonomy":"product_brand","embeddable":true,"href":"https:\/\/tecram.cl\/wp\/wp-json\/wp\/v2\/product_brand?post=718"},{"taxonomy":"product_cat","embeddable":true,"href":"https:\/\/tecram.cl\/wp\/wp-json\/wp\/v2\/product_cat?post=718"},{"taxonomy":"product_tag","embeddable":true,"href":"https:\/\/tecram.cl\/wp\/wp-json\/wp\/v2\/product_tag?post=718"}],"curies":[{"name":"wp","href":"https:\/\/api.w.org\/{rel}","templated":true}]}}