{"id":985,"date":"2024-11-05T13:40:05","date_gmt":"2024-11-05T17:40:05","guid":{"rendered":"https:\/\/tecram.cl\/wp\/?post_type=product&#038;p=985"},"modified":"2025-06-16T18:20:53","modified_gmt":"2025-06-16T22:20:53","slug":"motor-neumatico-cp-inox","status":"publish","type":"product","link":"https:\/\/tecram.cl\/wp\/product\/motor-neumatico-cp-inox\/","title":{"rendered":"Motor Neumatico Inoxidable ATEX Chicago Pneumatic"},"content":{"rendered":"<p>Los motores neum\u00e1ticos de acero inoxidable son de dise\u00f1o compacto, livianos, sin lubricaci\u00f3n, tienen eje de salida con chaveta y est\u00e1n disponibles para una variedad de requisitos de velocidad y torque. Pueden integrarse en m\u00e1quinas port\u00e1tiles o en cualquier equipo industrial, especialmente en aplicaciones en entornos corrosivos. Esto incluye las industrias alimentaria o qu\u00edmicas. La gama propone versiones no reversibles que ofrecen una potencia m\u00e1xima de 390 W (0,52 hp), con un torque que va de 0,17 a 12,1 Nm (0,13 a 8,9 ft.lbs) y una velocidad de 360 a 19 500 rpm.<\/p>\n<p>&nbsp;<\/p>\n<p>&nbsp;<\/p>\n","protected":false},"excerpt":{"rendered":"<p>Motor neum\u00e1tico de paletas para trabajo pesado, compacto y sin lubricaci\u00f3n, f\u00e1cil de instalar y usar en diversas aplicaciones, incluidas ATEX y entornos de alimentos y qu\u00edmicos<\/p>\n","protected":false},"featured_media":986,"template":"","meta":{"_joinchat":[]},"product_brand":[126],"product_cat":[56,108],"product_tag":[],"class_list":{"0":"post-985","1":"product","2":"type-product","3":"status-publish","4":"has-post-thumbnail","6":"product_brand-ingersoll-rand","7":"product_cat-motores-neumaticos","8":"product_cat-motores-neumaticos-inoxidables","9":"","11":"first","12":"instock","13":"shipping-taxable","14":"product-type-simple"},"_links":{"self":[{"href":"https:\/\/tecram.cl\/wp\/wp-json\/wp\/v2\/product\/985","targetHints":{"allow":["GET"]}}],"collection":[{"href":"https:\/\/tecram.cl\/wp\/wp-json\/wp\/v2\/product"}],"about":[{"href":"https:\/\/tecram.cl\/wp\/wp-json\/wp\/v2\/types\/product"}],"wp:featuredmedia":[{"embeddable":true,"href":"https:\/\/tecram.cl\/wp\/wp-json\/wp\/v2\/media\/986"}],"wp:attachment":[{"href":"https:\/\/tecram.cl\/wp\/wp-json\/wp\/v2\/media?parent=985"}],"wp:term":[{"taxonomy":"product_brand","embeddable":true,"href":"https:\/\/tecram.cl\/wp\/wp-json\/wp\/v2\/product_brand?post=985"},{"taxonomy":"product_cat","embeddable":true,"href":"https:\/\/tecram.cl\/wp\/wp-json\/wp\/v2\/product_cat?post=985"},{"taxonomy":"product_tag","embeddable":true,"href":"https:\/\/tecram.cl\/wp\/wp-json\/wp\/v2\/product_tag?post=985"}],"curies":[{"name":"wp","href":"https:\/\/api.w.org\/{rel}","templated":true}]}}